{"id":125,"date":"2021-10-08T13:37:25","date_gmt":"2021-10-08T13:37:25","guid":{"rendered":"https:\/\/voyageur.centreest.ca\/?page_id=125"},"modified":"2021-10-29T23:25:30","modified_gmt":"2021-10-30T05:25:30","slug":"coup-de-coeur","status":"publish","type":"page","link":"https:\/\/voyageur.centreest.ca\/en\/equipe\/coup-de-coeur\/","title":{"rendered":"Coup de coeur"},"content":{"rendered":"<div class=\"wpb-content-wrapper\"><p>[vc_row][vc_column][vc_column_text]<img loading=\"lazy\" decoding=\"async\" class=\"aligncenter wp-image-901 size-full\" src=\"https:\/\/voyageur.centreest.ca\/wp-content\/uploads\/2021\/10\/banniere_coup-1.jpg\" alt=\"\" width=\"1706\" height=\"414\" srcset=\"https:\/\/voyageur.centreest.ca\/wp-content\/uploads\/2021\/10\/banniere_coup-1.jpg 1706w, https:\/\/voyageur.centreest.ca\/wp-content\/uploads\/2021\/10\/banniere_coup-1-300x73.jpg 300w, https:\/\/voyageur.centreest.ca\/wp-content\/uploads\/2021\/10\/banniere_coup-1-1024x248.jpg 1024w, https:\/\/voyageur.centreest.ca\/wp-content\/uploads\/2021\/10\/banniere_coup-1-768x186.jpg 768w, https:\/\/voyageur.centreest.ca\/wp-content\/uploads\/2021\/10\/banniere_coup-1-1536x373.jpg 1536w\" sizes=\"auto, (max-width: 1706px) 100vw, 1706px\" \/>[\/vc_column_text][\/vc_column][\/vc_row][vc_row type=&#8221;container&#8221;][vc_column]\t\t<!-- HTML CODE WILL GOES HERE - START -->\n\t\t<!-- Testimonial Section -->\n\t\t<div class=\"testimonial-section pt_20 pb_60\">\n\t\t\t<div id=\"carouselExampleControls\" class=\"carousel slide carousel-fade\" data-bs-ride=\"carousel\">\n\t\t\t\t<div class=\"carousel-inner\">\n\t\t\t\t\t\t\t\t\t\t\t<div class=\"carousel-item active\">\n\t\t\t\t\t\t\t<div class=\"testi-box text-center\">\n\t\t\t\t\t\t\t\t<div class=\"testi-box-inner\">\n\t\t\t\t\t\t\t\t\t<i class=\"quote-icon icon-signs1\"><\/i>\n\t\t\t\t\t\t\t\t\t<h5>Parent testimonial<\/h5>\t\t\t\t\t\t\t\t\t<p>Mutual respect is everywhere. I know that my two sons are appreciated for who they are and for what they have to offer, including their flaws.<br \/>\nThe school is a healthy and full of love environment, where they can grow and be themselves. Thank you for everything you do every day, you are all wonderful.<\/p>\n\t\t\t\t\t\t\t\t\t\t\t\t\t\t\t\t\t\t\t<div class=\"author-info\">\n\t\t\t\t\t\t\t\t\t\t\t<p><strong>S\u00e9bastien Gorelov<\/strong><br \/>\n<i>Parent<\/i><\/p>\n\t\t\t\t\t\t\t\t\t\t<\/div>\n\t\t\t\t\t\t\t\t\t\t\t\t\t\t\t\t\t\t<\/div>\n\t\t\t\t\t\t\t<\/div>\n\t\t\t\t\t\t<\/div>\n\t\t\t\t\t\t\t\t\t\t\t\t<div class=\"carousel-item\">\n\t\t\t\t\t\t\t<div class=\"testi-box text-center\">\n\t\t\t\t\t\t\t\t<div class=\"testi-box-inner\">\n\t\t\t\t\t\t\t\t\t<i class=\"quote-icon icon-signs1\"><\/i>\n\t\t\t\t\t\t\t\t\t<h5>T\u00e9moignage d\u2019un parent\n<\/h5>\t\t\t\t\t\t\t\t\t<p>Mes trois enfants vont \u00e0 l\u2019\u00e9cole Voyageur depuis notre arriv\u00e9e \u00e0 Cold Lake.  Nous avions profit\u00e9 d\u2019une journ\u00e9e portes ouvertes.<br \/>\nNous avons choisi Voyageur pour la langue fran\u00e7aise et les valeurs catholiques de l\u2019\u00e9cole.<\/p>\n\t\t\t\t\t\t\t\t\t\t\t\t\t\t\t\t\t\t\t<div class=\"author-info\">\n\t\t\t\t\t\t\t\t\t\t\t<p><i><strong>Hugo Bouchard<\/strong><\/i><\/p>\n\t\t\t\t\t\t\t\t\t\t<\/div>\n\t\t\t\t\t\t\t\t\t\t\t\t\t\t\t\t\t\t<\/div>\n\t\t\t\t\t\t\t<\/div>\n\t\t\t\t\t\t<\/div>\n\t\t\t\t\t\t\t\t\t\t<\/div>\n\t\t\t<\/div>\n\t\t<\/div><!-- Testimonial Section \/- -->\n\t\t<!-- HTML CODE WILL GOES HERE - END -->\n\t\t[\/vc_column][\/vc_row]<\/p>\n<\/div>","protected":false},"excerpt":{"rendered":"<p>[vc_row][vc_column][vc_column_text][\/vc_column_text][\/vc_column][\/vc_row][vc_row type=&#8221;container&#8221;][vc_column][\/vc_column][\/vc_row]<\/p>\n","protected":false},"author":1,"featured_media":0,"parent":122,"menu_order":0,"comment_status":"closed","ping_status":"closed","template":"","meta":{"footnotes":""},"class_list":["post-125","page","type-page","status-publish","hentry"],"_links":{"self":[{"href":"https:\/\/voyageur.centreest.ca\/en\/wp-json\/wp\/v2\/pages\/125","targetHints":{"allow":["GET"]}}],"collection":[{"href":"https:\/\/voyageur.centreest.ca\/en\/wp-json\/wp\/v2\/pages"}],"about":[{"href":"https:\/\/voyageur.centreest.ca\/en\/wp-json\/wp\/v2\/types\/page"}],"author":[{"embeddable":true,"href":"https:\/\/voyageur.centreest.ca\/en\/wp-json\/wp\/v2\/users\/1"}],"replies":[{"embeddable":true,"href":"https:\/\/voyageur.centreest.ca\/en\/wp-json\/wp\/v2\/comments?post=125"}],"version-history":[{"count":0,"href":"https:\/\/voyageur.centreest.ca\/en\/wp-json\/wp\/v2\/pages\/125\/revisions"}],"up":[{"embeddable":true,"href":"https:\/\/voyageur.centreest.ca\/en\/wp-json\/wp\/v2\/pages\/122"}],"wp:attachment":[{"href":"https:\/\/voyageur.centreest.ca\/en\/wp-json\/wp\/v2\/media?parent=125"}],"curies":[{"name":"wp","href":"https:\/\/api.w.org\/{rel}","templated":true}]}}