{"id":115,"date":"2021-10-08T13:27:37","date_gmt":"2021-10-08T13:27:37","guid":{"rendered":"https:\/\/voyageur.centreest.ca\/?page_id=115"},"modified":"2022-09-13T16:02:03","modified_gmt":"2022-09-13T22:02:03","slug":"kids-corner","status":"publish","type":"page","link":"https:\/\/voyageur.centreest.ca\/en\/kids-corner\/","title":{"rendered":"Kid&#8217;s corner"},"content":{"rendered":"<div class=\"wpb-content-wrapper\"><p>[vc_row][vc_column][vc_column_text]You will find all kinds of information in this page specially created for you.<\/p>\n<p>All the resources are in French.[\/vc_column_text][vc_separator][vc_column_text]<\/p>\n<h2>POUR TOUS<\/h2>\n<p><a href=\"https:\/\/www.facebook.com\/people\/\u00c9cole-Voyageur\/100057075775233\/?hc_ref=ARSSCJmJLCJGHXOsHW0gFE_cvDCISFQo_ocNNd02vMINZ0tU2cOi_QSxdjjfX_I6Pac&amp;fref=nf\" target=\"_blank\" rel=\"noopener\"><strong>Notre page Facebook<\/strong><\/a><\/p>\n<p><a href=\"https:\/\/www.instagram.com\/ecolevoyageur\/\" target=\"_blank\" rel=\"noopener\"><strong>Notre compte Instagram<\/strong><\/a><\/p>\n<p><a href=\"https:\/\/voyageur.centreest.ca\/wp-content\/uploads\/2021\/11\/Depliant-Voyageur.pdf\" target=\"_blank\" rel=\"noopener\"><strong>D\u00e9pliant d\u2019informations<\/strong><\/a>[\/vc_column_text][vc_column_text]<img loading=\"lazy\" decoding=\"async\" class=\"alignnone wp-image-941\" src=\"https:\/\/voyageur.centreest.ca\/wp-content\/uploads\/2021\/11\/Voyageur_banniere_Primaire-1.jpg\" alt=\"\" width=\"1771\" height=\"371\" srcset=\"https:\/\/voyageur.centreest.ca\/wp-content\/uploads\/2021\/11\/Voyageur_banniere_Primaire-1.jpg 850w, https:\/\/voyageur.centreest.ca\/wp-content\/uploads\/2021\/11\/Voyageur_banniere_Primaire-1-300x63.jpg 300w, https:\/\/voyageur.centreest.ca\/wp-content\/uploads\/2021\/11\/Voyageur_banniere_Primaire-1-768x161.jpg 768w\" sizes=\"auto, (max-width: 1771px) 100vw, 1771px\" \/>[\/vc_column_text][vc_column_text]<strong>Ressources p\u00e9dagogiques<\/strong><\/p>\n<p><strong><a href=\"https:\/\/www.alloprof.qc.ca\" target=\"_blank\" rel=\"noopener\">Aide aux devoirs \u2013 Allo Prof<\/a><\/strong><\/p>\n<p><strong><a href=\"https:\/\/vfc.acelf.ca\" target=\"_blank\" rel=\"noopener\">Francophonie canadienne \u2013 ACELF<\/a><\/strong><\/p>\n<p><a href=\"https:\/\/www.clevrcloud.ca\/clevr\/\" target=\"_blank\" rel=\"noopener\"><strong>Plan d\u2019appui Clevr<\/strong><\/a><\/p>\n<p>&nbsp;<\/p>\n<p><strong>Sites Web et applications int\u00e9ressantes<\/strong><\/p>\n<p><a href=\"https:\/\/voyageur.centreest.ca\/wp-content\/uploads\/2021\/11\/Temps-decran-educatif.pdf\" target=\"_blank\" rel=\"noopener\"><strong>Liste de sites Web \u00e9ducatifs<\/strong><\/a><\/p>\n<p><a href=\"https:\/\/ici.radio-canada.ca\/jeunesse\/maj\" target=\"_blank\" rel=\"noopener\"><strong>Actualit\u00e9 pour les jeunes \u2013 MAJ<\/strong><\/a><\/p>\n<p><a href=\"https:\/\/ici.radio-canada.ca\/jeunesse\/scolaire\/emissions\/441\/oniva\" target=\"_blank\" rel=\"noopener\"><b>\u00c9mission jeunesse \u2013 Oniva<\/b><\/a><\/p>\n<p>&nbsp;<\/p>\n<p><strong>Projets\/Voyages\/Concours<\/strong><\/p>\n<p><em>Cette section est r\u00e9serv\u00e9e aux concours auxquels les \u00e9l\u00e8ves peuvent participer, les opportunit\u00e9s de voyage et les projets qui leur sont propos\u00e9s.<\/em>[\/vc_column_text][vc_separator][vc_column_text]<img loading=\"lazy\" decoding=\"async\" class=\"alignnone wp-image-946\" src=\"https:\/\/voyageur.centreest.ca\/wp-content\/uploads\/2021\/11\/Voyageur_banniere_Secondaire-1.jpg\" alt=\"\" width=\"1771\" height=\"371\" srcset=\"https:\/\/voyageur.centreest.ca\/wp-content\/uploads\/2021\/11\/Voyageur_banniere_Secondaire-1.jpg 850w, https:\/\/voyageur.centreest.ca\/wp-content\/uploads\/2021\/11\/Voyageur_banniere_Secondaire-1-300x63.jpg 300w, https:\/\/voyageur.centreest.ca\/wp-content\/uploads\/2021\/11\/Voyageur_banniere_Secondaire-1-768x161.jpg 768w\" sizes=\"auto, (max-width: 1771px) 100vw, 1771px\" \/>[\/vc_column_text][vc_column_text]<\/p>\n<div class=\"wpb_text_column wpb_content_element \">\n<div class=\"wpb_wrapper\">\n<p><strong>Ressources p\u00e9dagogiques<\/strong><\/p>\n<p><strong><a href=\"https:\/\/www.alloprof.qc.ca\" target=\"_blank\" rel=\"noopener\">Aide aux devoirs \u2013 Allo prof<\/a><\/strong><\/p>\n<p><a href=\"https:\/\/www.clevrcloud.ca\/clevr\/\" target=\"_blank\" rel=\"noopener\"><strong>Plan d\u2019appui Clevr<\/strong><\/a><\/p>\n<p>&nbsp;<\/p>\n<p><strong>Sites Web et applications int\u00e9ressantes<\/strong><\/p>\n<p><a href=\"https:\/\/voyageur.centreest.ca\/wp-content\/uploads\/2021\/11\/Temps-decran-educatif-1.pdf\" target=\"_blank\" rel=\"noopener\"><strong>Liste de sites Web \u00e9ducatifs<\/strong><\/a><\/p>\n<p><a href=\"https:\/\/ici.radio-canada.ca\/jeunesse\/maj\" target=\"_blank\" rel=\"noopener\"><strong>Actualit\u00e9 pour les jeunes \u2013 MAJ<\/strong><\/a><\/p>\n<p><a href=\"https:\/\/ici.radio-canada.ca\/jeunesse\/scolaire\/emissions\/441\/oniva\" target=\"_blank\" rel=\"noopener\"><strong>\u00c9mission jeunesse \u2013 Oniva<\/strong><\/a><\/p>\n<p>&nbsp;<\/p>\n<p><strong>Projets\/Voyages\/Concours<\/strong><\/p>\n<p><em>Cette section est r\u00e9serv\u00e9e aux concours auxquels les \u00e9l\u00e8ves peuvent participer, les opportunit\u00e9s de voyage et les projets qui leur sont propos\u00e9s.<\/em><\/p>\n<p><strong><a href=\"https:\/\/cdmalberta.ca\/galala\/\" target=\"_blank\" rel=\"noopener\">Le Galala<\/a><\/strong><\/p>\n<p><strong><a href=\"https:\/\/www.fjalberta.ca\" target=\"_blank\" rel=\"noopener\">FJA<\/a><\/strong><\/p>\n<p><strong><a href=\"https:\/\/francaisanglais.ca\/destination-clic\/\" target=\"_blank\" rel=\"noopener\">Destination Clic<\/a><\/strong><\/p>\n<p><strong><a href=\"https:\/\/www.ualberta.ca\/camps\/science\/index.html\" target=\"_blank\" rel=\"noopener\">Camps d\u2019\u00e9t\u00e9 scientifiques-UofA<\/a><\/strong><\/p>\n<p>&nbsp;<\/p>\n<p><strong>Bourses<\/strong><\/p>\n<p><em>Vous trouverez ici les bourses et les prix disponibles pour les \u00e9l\u00e8ves de l\u2019\u00e9cole du Sommet.<\/em><\/p>\n<p><a href=\"https:\/\/voyageur.centreest.ca\/PP-parents-17-18.pptx\" target=\"_blank\" rel=\"noopener\"><strong>Guide d\u2019application aux bourses 2020-2021<\/strong><\/a><\/p>\n<p><a href=\"https:\/\/voyageur.centreest.ca\/wp-content\/uploads\/2021\/11\/Bourses-locales-Voyageur-2020-2021.pdf\" target=\"_blank\" rel=\"noopener\"><strong>Programmes de bourses locales<\/strong><\/a><\/p>\n<p><a href=\"https:\/\/www.lakelandcollege.ca\" target=\"_blank\" rel=\"noopener\"><strong>Lakeland College<\/strong><\/a><\/p>\n<p><strong><a href=\"https:\/\/alis.alberta.ca\" target=\"_blank\" rel=\"noopener\">www.alis.alberta.ca<\/a><\/strong><\/p>\n<p><strong><a href=\"https:\/\/www.scholarshipscanada.com\" target=\"_blank\" rel=\"noopener\">www.scholarshipscanada.com<\/a><\/strong><\/p>\n<p><strong><a href=\"https:\/\/tradesecrets.alberta.ca\" target=\"_blank\" rel=\"noopener\">www.tradesecrets.alberta.ca<\/a><\/strong><\/p>\n<p><strong><a href=\"https:\/\/www.canada.ca\/fr\/services\/prestations\/education.html\" target=\"_blank\" rel=\"noopener\">www.cibletudes.ca<\/a><\/strong><\/p>\n<\/div>\n<\/div>\n<div class=\"vc_separator wpb_content_element vc_separator_align_center vc_sep_width_100 vc_sep_pos_align_center vc_separator_no_text vc_sep_color_grey\"><\/div>\n<p>[\/vc_column_text][vc_separator][vc_column_text]<img loading=\"lazy\" decoding=\"async\" class=\"alignnone wp-image-953\" src=\"https:\/\/voyageur.centreest.ca\/wp-content\/uploads\/2021\/11\/Voyageur_banniere_SanteMentale-1.jpg\" alt=\"\" width=\"1771\" height=\"371\" srcset=\"https:\/\/voyageur.centreest.ca\/wp-content\/uploads\/2021\/11\/Voyageur_banniere_SanteMentale-1.jpg 850w, https:\/\/voyageur.centreest.ca\/wp-content\/uploads\/2021\/11\/Voyageur_banniere_SanteMentale-1-300x63.jpg 300w, https:\/\/voyageur.centreest.ca\/wp-content\/uploads\/2021\/11\/Voyageur_banniere_SanteMentale-1-768x161.jpg 768w\" sizes=\"auto, (max-width: 1771px) 100vw, 1771px\" \/>[\/vc_column_text][vc_column_text]<em>Vous trouverez ici des ressources et des programmes pour le bien-\u00eatre et la sant\u00e9 mentale.<\/em><\/p>\n<p><a href=\"https:\/\/reseausantealbertain.ca\" target=\"_blank\" rel=\"noopener\"><strong>R\u00e9seau sant\u00e9 Alberta<\/strong><\/a><\/p>\n<p><strong><a href=\"https:\/\/jack.org\/Resources\/ABHub\" target=\"_blank\" rel=\"noopener\">Carrefour de ressources (anglais) \u2013 Jack.org<\/a><\/strong><\/p>\n<p><a href=\"https:\/\/fondationjeunesentete.org\/nos-actions\/atelier-solidaires-pour-la-sante-mentale\/\" target=\"_blank\" rel=\"noopener\"><strong>Fondation Jeunes en t\u00eate<\/strong><\/a><\/p>\n<p><a href=\"https:\/\/www.participaction.com\/fr-ca\/\" target=\"_blank\" rel=\"noopener\"><strong>Activit\u00e9s physiques et bien-\u00eatre \u2013 Particip\u2019Action<\/strong><\/a><\/p>\n<p><a href=\"https:\/\/www.teljeunes.com\/Tel-jeunes\/Tous-les-themes\/Technos\/Cyberintimidation\" target=\"_blank\" rel=\"noopener\"><strong>Cyberintimidation \u2013 Tel-Jeunes<\/strong><\/a><\/p>\n<p><strong>Campagne de sensibilisation \u00e0 la sant\u00e9 mentale (anglais ) \u2013 <a href=\"https:\/\/canwetalk.ca\/\" target=\"_blank\" rel=\"noopener\">Can we talk?<\/a><\/strong><\/p>\n<p><strong>Service d\u2019aide \u2013 <a href=\"https:\/\/jeunessejecoute.ca\/\" target=\"_blank\" rel=\"noopener\">Jeunesse, J\u2019\u00e9coute\u00a0<\/a><\/strong>[\/vc_column_text][vc_separator][vc_column_text]<img loading=\"lazy\" decoding=\"async\" class=\"alignnone wp-image-957\" src=\"https:\/\/voyageur.centreest.ca\/wp-content\/uploads\/2021\/11\/Voyageur_banniere_section_militaire-1-1-300x63.jpg\" alt=\"\" width=\"1771\" height=\"371\" srcset=\"https:\/\/voyageur.centreest.ca\/wp-content\/uploads\/2021\/11\/Voyageur_banniere_section_militaire-1-1-300x63.jpg 300w, https:\/\/voyageur.centreest.ca\/wp-content\/uploads\/2021\/11\/Voyageur_banniere_section_militaire-1-1-768x161.jpg 768w, https:\/\/voyageur.centreest.ca\/wp-content\/uploads\/2021\/11\/Voyageur_banniere_section_militaire-1-1.jpg 850w\" sizes=\"auto, (max-width: 1771px) 100vw, 1771px\" \/>[\/vc_column_text][vc_column_text]<i>Vous trouverez ici des ressources\u00a0de la base militaire de Cold Lake<\/i><\/p>\n<p><strong><a href=\"https:\/\/www.connexionfac.ca\/Cold-Lake\/Nous-joindre\/Centre-de-ressources-pour-les-familles-militaires.aspx\" target=\"_blank\" rel=\"noopener\">Centre de ressources pour les familles militaires (MFRC)<\/a><\/strong><\/p>\n<p><a href=\"https:\/\/www.connexionfac.ca\/Cold-Lake\/Installations\/Centre-sportif-Col-J-J-Parr.aspx\" target=\"_blank\" rel=\"noopener\"><strong>Centre sportif Col J.J. Parr<\/strong><\/a><\/p>\n<p><a href=\"https:\/\/www.facebook.com\/4WINGCONNECTION\/\" target=\"_blank\" rel=\"noopener\"><strong>Page Facebook 4 Wing MFRCS<\/strong><\/a><\/p>\n<p>[\/vc_column_text][vc_separator][vc_column_text]<img loading=\"lazy\" decoding=\"async\" class=\"alignnone wp-image-959\" src=\"https:\/\/voyageur.centreest.ca\/wp-content\/uploads\/2021\/11\/Voyageur_banniere_section_ConseitEtudiant-1.jpg\" alt=\"\" width=\"1771\" height=\"371\" srcset=\"https:\/\/voyageur.centreest.ca\/wp-content\/uploads\/2021\/11\/Voyageur_banniere_section_ConseitEtudiant-1.jpg 850w, https:\/\/voyageur.centreest.ca\/wp-content\/uploads\/2021\/11\/Voyageur_banniere_section_ConseitEtudiant-1-300x63.jpg 300w, https:\/\/voyageur.centreest.ca\/wp-content\/uploads\/2021\/11\/Voyageur_banniere_section_ConseitEtudiant-1-768x161.jpg 768w\" sizes=\"auto, (max-width: 1771px) 100vw, 1771px\" \/>[\/vc_column_text][vc_column_text]<i>Vous trouverez ici des informations sur les activit\u00e9s du conseil \u00e9tudiant.<\/i>[\/vc_column_text][\/vc_column][\/vc_row]<\/p>\n<\/div>","protected":false},"excerpt":{"rendered":"<p>[vc_row][vc_column][vc_column_text]You will find all kinds of information in this page specially created for you. All the resources are in French.[\/vc_column_text][vc_separator][vc_column_text] POUR TOUS Notre page Facebook Notre compte Instagram D\u00e9pliant d\u2019informations[\/vc_column_text][vc_column_text][\/vc_column_text][vc_column_text]Ressources p\u00e9dagogiques Aide aux devoirs \u2013 Allo Prof Francophonie canadienne \u2013 ACELF Plan d\u2019appui Clevr &nbsp; Sites Web et applications int\u00e9ressantes Liste de sites Web \u00e9ducatifs [&hellip;]<\/p>\n","protected":false},"author":1,"featured_media":0,"parent":0,"menu_order":0,"comment_status":"closed","ping_status":"closed","template":"","meta":{"footnotes":""},"class_list":["post-115","page","type-page","status-publish","hentry"],"_links":{"self":[{"href":"https:\/\/voyageur.centreest.ca\/en\/wp-json\/wp\/v2\/pages\/115","targetHints":{"allow":["GET"]}}],"collection":[{"href":"https:\/\/voyageur.centreest.ca\/en\/wp-json\/wp\/v2\/pages"}],"about":[{"href":"https:\/\/voyageur.centreest.ca\/en\/wp-json\/wp\/v2\/types\/page"}],"author":[{"embeddable":true,"href":"https:\/\/voyageur.centreest.ca\/en\/wp-json\/wp\/v2\/users\/1"}],"replies":[{"embeddable":true,"href":"https:\/\/voyageur.centreest.ca\/en\/wp-json\/wp\/v2\/comments?post=115"}],"version-history":[{"count":5,"href":"https:\/\/voyageur.centreest.ca\/en\/wp-json\/wp\/v2\/pages\/115\/revisions"}],"predecessor-version":[{"id":1527,"href":"https:\/\/voyageur.centreest.ca\/en\/wp-json\/wp\/v2\/pages\/115\/revisions\/1527"}],"wp:attachment":[{"href":"https:\/\/voyageur.centreest.ca\/en\/wp-json\/wp\/v2\/media?parent=115"}],"curies":[{"name":"wp","href":"https:\/\/api.w.org\/{rel}","templated":true}]}}